{"id":12223,"date":"2019-05-31T16:18:26","date_gmt":"2019-05-31T07:18:26","guid":{"rendered":"http:\/\/www.gloveway.co.kr\/de\/?page_id=12223"},"modified":"2025-11-05T17:26:08","modified_gmt":"2025-11-05T08:26:08","slug":"privacy-policy","status":"publish","type":"page","link":"https:\/\/www.gloveway.co.kr\/de\/aboutus\/privacy-policy\/","title":{"rendered":"Datenschutzrichtlinie"},"content":{"rendered":"<div class=\"fusion-fullwidth fullwidth-box fusion-builder-row-1 fusion-flex-container nonhundred-percent-fullwidth non-hundred-percent-height-scrolling\" style=\"--awb-border-radius-top-left:0px;--awb-border-radius-top-right:0px;--awb-border-radius-bottom-right:0px;--awb-border-radius-bottom-left:0px;--awb-flex-wrap:wrap;\" ><div class=\"fusion-builder-row fusion-row fusion-flex-align-items-flex-start fusion-flex-content-wrap\" style=\"max-width:1497.6px;margin-left: calc(-4% \/ 2 );margin-right: calc(-4% \/ 2 );\"><div class=\"fusion-layout-column fusion_builder_column fusion-builder-column-0 fusion_builder_column_1_1 1_1 fusion-flex-column\" style=\"--awb-bg-size:cover;--awb-width-large:100%;--awb-margin-top-large:0px;--awb-spacing-right-large:1.92%;--awb-margin-bottom-large:0px;--awb-spacing-left-large:1.92%;--awb-width-medium:100%;--awb-spacing-right-medium:1.92%;--awb-spacing-left-medium:1.92%;--awb-width-small:100%;--awb-spacing-right-small:1.92%;--awb-spacing-left-small:1.92%;\"><div class=\"fusion-column-wrapper fusion-flex-justify-content-flex-start fusion-content-layout-column\"><div class=\"fusion-text fusion-text-1\"><p>SBW Co., Ltd. betreibt die Website <a class=\"decorated-link\" href=\"http:\/\/www.gloveway.co.kr\/\" target=\"_new\" rel=\"noopener\" data-start=\"415\" data-end=\"441\">http:\/\/www.gloveway.co.kr\/<\/a>. Diese Seite informiert Sie \u00fcber unsere Richtlinien zur Erhebung, Nutzung und Offenlegung personenbezogener Daten, die wir von Nutzern dieser Website erhalten. Wir verwenden Ihre personenbezogenen Daten ausschlie\u00dflich zur Bereitstellung und Verbesserung der Website. Durch die Nutzung der Website erkl\u00e4ren Sie sich mit der Erhebung und Verwendung von Informationen gem\u00e4\u00df dieser Richtlinie einverstanden.<\/p>\n<h3>Erhebung und Verwendung von Informationen<\/h3>\n<p>Bei der Nutzung unserer Website k\u00f6nnen wir Sie bitten, bestimmte personenbezogene Daten anzugeben, die zur Kontaktaufnahme oder Identifizierung verwendet werden k\u00f6nnen. Zu den personenbezogenen Daten kann unter anderem Ihr Name geh\u00f6ren (\u201epersonenbezogene Daten\u201c).<\/p>\n<h3>Weitergabe personenbezogener Daten<\/h3>\n<p>SBW Co., Ltd. wird personenbezogene Daten, die \u00fcber seine Internetseiten gesammelt wurden, ohne Ihre ausdr\u00fcckliche Zustimmung nicht an Adressh\u00e4ndler oder \u00e4hnliche Dritte verkaufen.<\/p>\n<p>SBW Co., Ltd. kann Ihre personenbezogenen Daten auch mit Dritten teilen, die von SBW Co., Ltd. zur Durchf\u00fchrung von Unterst\u00fctzungsleistungen beauftragt werden. Diese Dritten d\u00fcrfen die personenbezogenen Daten ausschlie\u00dflich zur Erbringung von Dienstleistungen im Auftrag von SBW Co., Ltd. verwenden und m\u00fcssen Ihre Daten streng vertraulich behandeln.<\/p>\n<p>In einigen F\u00e4llen kann SBW Co., Ltd. personenbezogene Daten mit Gesch\u00e4ftspartnern teilen, die gemeinsam mit SBW Co., Ltd. Produkte und Dienstleistungen f\u00fcr Kunden bereitstellen. In solchen F\u00e4llen verpflichtet SBW Co., Ltd. diese Partner, die personenbezogenen Daten ausschlie\u00dflich f\u00fcr die Zwecke zu verwenden, f\u00fcr die sie urspr\u00fcnglich erhoben wurden (oder denen Sie sp\u00e4ter zugestimmt haben), und nur im Rahmen dieser Datenschutzrichtlinie sowie aller geltenden Datenschutzgesetze.<\/p>\n<p>In bestimmten, begrenzten F\u00e4llen kann SBW Co., Ltd. personenbezogene Daten an unabh\u00e4ngige Dritte weitergeben oder \u00fcbertragen. Dies kann beispielsweise erfolgen: (i) auf Ihre Anfrage hin; (ii) zur Erf\u00fcllung gesetzlicher Verpflichtungen oder gerichtlicher Anordnungen; (iii) zur Untersuchung m\u00f6glicher Straftaten wie Identit\u00e4tsdiebstahl; (iv) im Zusammenhang mit Verkauf, Erwerb, Fusion, Reorganisation, Liquidation oder Aufl\u00f6sung von SBW Co., Ltd. oder einer Gesch\u00e4ftseinheit; oder (v) unter \u00e4hnlichen Umst\u00e4nden. In solchen F\u00e4llen wird SBW Co., Ltd. geeignete Ma\u00dfnahmen ergreifen, um Ihre personenbezogenen Daten zu sch\u00fctzen.<\/p>\n<h3>Cookies<\/h3>\n<p>Cookies sind Dateien mit einer kleinen Menge an Daten, die einen anonymen eindeutigen Identifikator enthalten k\u00f6nnen. Sie werden von einer Website an Ihren Browser gesendet und auf der Festplatte Ihres Computers gespeichert.<\/p>\n<p>Wie viele Websites verwenden wir \u201eCookies\u201c, um Informationen zu sammeln. Sie k\u00f6nnen Ihren Browser so einstellen, dass er alle Cookies ablehnt oder Sie informiert, wenn ein Cookie gesendet wird. Wenn Sie jedoch keine Cookies akzeptieren, k\u00f6nnen bestimmte Teile unserer Website m\u00f6glicherweise nicht genutzt werden.<\/p>\n<h3>Sicherheit<\/h3>\n<p>Die Sicherheit Ihrer personenbezogenen Daten ist uns wichtig, jedoch ist keine \u00dcbertragungsmethode \u00fcber das Internet oder elektronische Speicherung zu 100 % sicher. Wir bem\u00fchen uns, wirtschaftlich zumutbare Schutzma\u00dfnahmen zu ergreifen, k\u00f6nnen jedoch keine absolute Sicherheit garantieren.<\/p>\n<h3>\u00c4nderungen dieser Datenschutzrichtlinie<\/h3>\n<p>Diese Datenschutzrichtlinie gilt ab dem 01.06.2019 und bleibt in Kraft, bis zuk\u00fcnftige \u00c4nderungen vorgenommen werden, die sofort nach ihrer Ver\u00f6ffentlichung auf dieser Seite wirksam werden.<\/p>\n<p>Wir behalten uns das Recht vor, diese Datenschutzrichtlinie jederzeit zu aktualisieren oder zu \u00e4ndern. Bitte \u00fcberpr\u00fcfen Sie diese Seite regelm\u00e4\u00dfig. Ihre fortgesetzte Nutzung der Website nach Ver\u00f6ffentlichung von \u00c4nderungen gilt als Zustimmung zu den \u00c4nderungen.<\/p>\n<p>Falls wesentliche \u00c4nderungen an dieser Datenschutzrichtlinie vorgenommen werden, informieren wir Sie entweder per E-Mail oder durch einen gut sichtbaren Hinweis auf unserer Website.<\/p>\n<h3>Kontaktieren Sie uns<\/h3>\n<p>Wenn Sie Fragen zu dieser Datenschutzrichtlinie haben, kontaktieren Sie uns bitte.<\/p>\n<\/div><\/div><\/div><\/div><\/div>\n","protected":false},"excerpt":{"rendered":"","protected":false},"author":1,"featured_media":15675,"parent":11880,"menu_order":32,"comment_status":"closed","ping_status":"closed","template":"","meta":{"footnotes":""},"class_list":["post-12223","page","type-page","status-publish","has-post-thumbnail","hentry"],"_links":{"self":[{"href":"https:\/\/www.gloveway.co.kr\/de\/wp-json\/wp\/v2\/pages\/12223","targetHints":{"allow":["GET"]}}],"collection":[{"href":"https:\/\/www.gloveway.co.kr\/de\/wp-json\/wp\/v2\/pages"}],"about":[{"href":"https:\/\/www.gloveway.co.kr\/de\/wp-json\/wp\/v2\/types\/page"}],"author":[{"embeddable":true,"href":"https:\/\/www.gloveway.co.kr\/de\/wp-json\/wp\/v2\/users\/1"}],"replies":[{"embeddable":true,"href":"https:\/\/www.gloveway.co.kr\/de\/wp-json\/wp\/v2\/comments?post=12223"}],"version-history":[{"count":7,"href":"https:\/\/www.gloveway.co.kr\/de\/wp-json\/wp\/v2\/pages\/12223\/revisions"}],"predecessor-version":[{"id":16830,"href":"https:\/\/www.gloveway.co.kr\/de\/wp-json\/wp\/v2\/pages\/12223\/revisions\/16830"}],"up":[{"embeddable":true,"href":"https:\/\/www.gloveway.co.kr\/de\/wp-json\/wp\/v2\/pages\/11880"}],"wp:featuredmedia":[{"embeddable":true,"href":"https:\/\/www.gloveway.co.kr\/de\/wp-json\/wp\/v2\/media\/15675"}],"wp:attachment":[{"href":"https:\/\/www.gloveway.co.kr\/de\/wp-json\/wp\/v2\/media?parent=12223"}],"curies":[{"name":"wp","href":"https:\/\/api.w.org\/{rel}","templated":true}]}}