{"id":15163,"date":"2025-07-04T14:00:52","date_gmt":"2025-07-04T05:00:52","guid":{"rendered":"http:\/\/www.gloveway.co.kr\/de\/?page_id=15163"},"modified":"2025-11-06T15:39:33","modified_gmt":"2025-11-06T06:39:33","slug":"standards","status":"publish","type":"page","link":"https:\/\/www.gloveway.co.kr\/de\/technology\/standards\/","title":{"rendered":"TECHNOLOGIE >> Normenleitfaden"},"content":{"rendered":"<p><div class=\"fusion-fullwidth fullwidth-box fusion-builder-row-1 fusion-flex-container nonhundred-percent-fullwidth non-hundred-percent-height-scrolling\" style=\"--awb-border-radius-top-left:0px;--awb-border-radius-top-right:0px;--awb-border-radius-bottom-right:0px;--awb-border-radius-bottom-left:0px;--awb-flex-wrap:wrap;\" ><div class=\"fusion-builder-row fusion-row fusion-flex-align-items-flex-start fusion-flex-content-wrap\" style=\"max-width:1497.6px;margin-left: calc(-4% \/ 2 );margin-right: calc(-4% \/ 2 );\"><div class=\"fusion-layout-column fusion_builder_column fusion-builder-column-0 fusion_builder_column_1_1 1_1 fusion-flex-column\" style=\"--awb-bg-size:cover;--awb-width-large:100%;--awb-margin-top-large:0px;--awb-spacing-right-large:1.92%;--awb-margin-bottom-large:20px;--awb-spacing-left-large:1.92%;--awb-width-medium:100%;--awb-spacing-right-medium:1.92%;--awb-spacing-left-medium:1.92%;--awb-width-small:100%;--awb-spacing-right-small:1.92%;--awb-spacing-left-small:1.92%;\"><div class=\"fusion-column-wrapper fusion-flex-justify-content-flex-start fusion-content-layout-column\"><div class=\"fusion-tabs fusion-tabs-1 clean vertical-tabs icon-position-left mobile-mode-accordion\" style=\"--awb-title-border-radius-top-left:0px;--awb-title-border-radius-top-right:0px;--awb-title-border-radius-bottom-right:0px;--awb-title-border-radius-bottom-left:0px;--awb-alignment:start;--awb-inactive-color:hsla(var(--awb-color8-h),var(--awb-color8-s),calc( var(--awb-color8-l) + 96% ),var(--awb-color8-a));--awb-background-color:var(--awb-custom_color_1);--awb-border-color:var(--awb-color3);--awb-active-border-color:var(--awb-color4);\"><div class=\"nav\"><ul class=\"nav-tabs\" role=\"tablist\"><li class=\"active\" role=\"presentation\"><a class=\"tab-link\" data-toggle=\"tab\" role=\"tab\" aria-controls=\"tab-d1ea1c508b51f7bcbb1\" aria-selected=\"true\" id=\"fusion-tab-ceandukca\" href=\"#tab-d1ea1c508b51f7bcbb1\"><h4 class=\"fusion-tab-heading\">CE and UKCA<\/h4><\/a><\/li><li role=\"presentation\"><a class=\"tab-link\" data-toggle=\"tab\" role=\"tab\" aria-controls=\"tab-2401b95037ad66cb547\" aria-selected=\"false\" tabindex=\"-1\" id=\"fusion-tab-eniso21420:2020\" href=\"#tab-2401b95037ad66cb547\"><h4 class=\"fusion-tab-heading\">EN ISO 21420 : 2020<\/h4><\/a><\/li><li role=\"presentation\"><a class=\"tab-link\" data-toggle=\"tab\" role=\"tab\" aria-controls=\"tab-189758780b2b0d79074\" aria-selected=\"false\" tabindex=\"-1\" id=\"fusion-tab-en388:2019\" href=\"#tab-189758780b2b0d79074\"><h4 class=\"fusion-tab-heading\">EN 388 : 2019<\/h4><\/a><\/li><li role=\"presentation\"><a class=\"tab-link\" data-toggle=\"tab\" role=\"tab\" aria-controls=\"tab-dfac20db67d9cc2d314\" aria-selected=\"false\" tabindex=\"-1\" id=\"fusion-tab-en511\" href=\"#tab-dfac20db67d9cc2d314\"><h4 class=\"fusion-tab-heading\">EN 511<\/h4><\/a><\/li><li role=\"presentation\"><a class=\"tab-link\" data-toggle=\"tab\" role=\"tab\" aria-controls=\"tab-0c6d31bf6209211236d\" aria-selected=\"false\" tabindex=\"-1\" id=\"fusion-tab-foodcontact\" href=\"#tab-0c6d31bf6209211236d\"><h4 class=\"fusion-tab-heading\">Food contact<\/h4><\/a><\/li><li role=\"presentation\"><a class=\"tab-link\" data-toggle=\"tab\" role=\"tab\" aria-controls=\"tab-f18b968c20410d6c35d\" aria-selected=\"false\" tabindex=\"-1\" id=\"fusion-tab-ansi\/isea105-2021\" href=\"#tab-f18b968c20410d6c35d\"><h4 class=\"fusion-tab-heading\">ANSI\/ISEA 105-2021<\/h4><\/a><\/li><li role=\"presentation\"><a class=\"tab-link\" data-toggle=\"tab\" role=\"tab\" aria-controls=\"tab-4a2375ebd8b37be305d\" aria-selected=\"false\" tabindex=\"-1\" id=\"fusion-tab-oeko-tex\u00ae\" href=\"#tab-4a2375ebd8b37be305d\"><h4 class=\"fusion-tab-heading\">OEKO-TEX\u00ae<\/h4><\/a><\/li><\/ul><\/div><div class=\"tab-content\"><div class=\"nav fusion-mobile-tab-nav\"><ul class=\"nav-tabs\" role=\"tablist\"><li class=\"active\" role=\"presentation\"><a class=\"tab-link\" data-toggle=\"tab\" role=\"tab\" aria-controls=\"tab-d1ea1c508b51f7bcbb1\" aria-selected=\"true\" id=\"mobile-fusion-tab-ceandukca\" href=\"#tab-d1ea1c508b51f7bcbb1\"><h4 class=\"fusion-tab-heading\">CE and UKCA<\/h4><\/a><\/li><\/ul><\/div><div class=\"tab-pane fade fusion-clearfix in active\" role=\"tabpanel\" tabindex=\"0\" aria-labelledby=\"fusion-tab-ceandukca\" id=\"tab-d1ea1c508b51f7bcbb1\">\n<p><img decoding=\"async\" class=\"lazyload size-full wp-image-15716 alignleft\" src=\"data:image\/svg+xml,%3Csvg%20xmlns%3D%27http%3A%2F%2Fwww.w3.org%2F2000%2Fsvg%27%20width%3D%27150%27%20height%3D%27195%27%20viewBox%3D%270%200%20150%20195%27%3E%3Crect%20width%3D%27150%27%20height%3D%27195%27%20fill-opacity%3D%220%22%2F%3E%3C%2Fsvg%3E\" data-orig-src=\"http:\/\/www.gloveway.co.kr\/de\/wp-content\/uploads\/sites\/16\/2025\/07\/techinfo__ce_ukca.jpg\" alt=\"\" width=\"150\" height=\"195\" \/><\/p>\n<p>Die CE-Kennzeichnung (Conformit\u00e9 Europ\u00e9enne) best\u00e4tigt, dass ein Produkt den EU-Vorschriften entspricht und f\u00fcr den Verkauf im Europ\u00e4ischen Wirtschaftsraum (EWR) erforderlich ist. Sie stellt sicher, dass Gesundheits-, Sicherheits- und Umweltstandards eingehalten werden.<\/p>\n<p>Die UKCA-Kennzeichnung (UK Conformity Assessed) wurde nach dem Brexit f\u00fcr Produkte eingef\u00fchrt, die in England, Schottland und Wales verkauft werden. Sie ersetzt die CE-Kennzeichnung im Vereinigten K\u00f6nigreich und folgt \u00e4hnlichen Anforderungen.<\/p>\n<p>Hersteller m\u00fcssen alle geltenden Vorschriften erf\u00fcllen, eine Konformit\u00e4tserkl\u00e4rung (Declaration of Conformity, DoC) ausstellen und technische Unterlagen bereithalten.<\/p>\n<p>Die CE-Kennzeichnung gilt im EWR, w\u00e4hrend UKCA ausschlie\u00dflich im Vereinigten K\u00f6nigreich gilt. Produkte, die in beiden M\u00e4rkten vertrieben werden, ben\u00f6tigen beide Kennzeichnungen.<\/p>\n<\/div><div class=\"nav fusion-mobile-tab-nav\"><ul class=\"nav-tabs\" role=\"tablist\"><li role=\"presentation\"><a class=\"tab-link\" data-toggle=\"tab\" role=\"tab\" aria-controls=\"tab-2401b95037ad66cb547\" aria-selected=\"false\" tabindex=\"-1\" id=\"mobile-fusion-tab-eniso21420:2020\" href=\"#tab-2401b95037ad66cb547\"><h4 class=\"fusion-tab-heading\">EN ISO 21420 : 2020<\/h4><\/a><\/li><\/ul><\/div><div class=\"tab-pane fade fusion-clearfix\" role=\"tabpanel\" tabindex=\"0\" aria-labelledby=\"fusion-tab-eniso21420:2020\" id=\"tab-2401b95037ad66cb547\"><img decoding=\"async\" class=\"lazyload size-full wp-image-15719 alignleft\" src=\"data:image\/svg+xml,%3Csvg%20xmlns%3D%27http%3A%2F%2Fwww.w3.org%2F2000%2Fsvg%27%20width%3D%27150%27%20height%3D%27195%27%20viewBox%3D%270%200%20150%20195%27%3E%3Crect%20width%3D%27150%27%20height%3D%27195%27%20fill-opacity%3D%220%22%2F%3E%3C%2Fsvg%3E\" data-orig-src=\"http:\/\/www.gloveway.co.kr\/de\/wp-content\/uploads\/sites\/16\/2025\/07\/techinfo__en21420.jpg\" alt=\"\" width=\"150\" height=\"195\" \/>EN ISO 21420 gilt f\u00fcr alle PSA-Handschuhe und ist verpflichtend. Sie legt die allgemeinen Anforderungen an Tragekomfort, Unbedenklichkeit, Kennzeichnung, Verpackung und Benutzerinformationen fest. EN ISO 21420 wird die bisherige Norm EN 420:2003 + A1:2009 ersetzen, sobald sie im Amtsblatt der Europ\u00e4ischen Union ver\u00f6ffentlicht wird. Aus normativer Sicht und gem\u00e4\u00df CEN wird EN 420 nach dem 30. September 2020 zur\u00fcckgezogen.<\/p>\n<p><strong><br \/>\nListe der zu pr\u00fcfenden Stoffe<br \/>\n<\/strong><\/p>\n<ul>\n<li>pH-Wert aller Materialien, einschlie\u00dflich Gummi und Kunststoff. Jedes Material muss separat gepr\u00fcft werden.<\/li>\n<li>Chrom VI in Leder; jede Lederart und jede Farbe muss separat getestet werden.<\/li>\n<li>Azo-Farbstoffe, die krebserregende Amine freisetzen k\u00f6nnen.<\/li>\n<li>DMFa (Dimethylformamid) in Handschuhen mit PU-Beschichtung (Grenzwert: 1 000 mg\/kg).<\/li>\n<li>PAK (Polyzyklische Aromatische Kohlenwasserstoffe) in Gummi- oder Kunststoffteilen, die direkten Hautkontakt haben (Grenzwert: 1 mg\/kg), unabh\u00e4ngig davon, ob der Handschuh f\u00fcr private oder berufliche Verwendung bestimmt ist.<\/li>\n<li>Nickelabgabe aus metallischen Teilen bei lang andauerndem Hautkontakt.<\/li>\n<\/ul>\n<p><strong>Kennzeichnung (auf dem Handschuh oder der Verpackung)<\/strong><\/p>\n<ul>\n<li data-start=\"111\" data-end=\"151\">Handschuh- und Gr\u00f6\u00dfenbezeichnung<\/li>\n<li data-start=\"111\" data-end=\"151\">CE-Kennzeichnung<\/li>\n<li data-start=\"111\" data-end=\"151\">Relevante Piktogramme und die entsprechenden Leistungsstufen<\/li>\n<li data-start=\"111\" data-end=\"151\">Herstellungsdatum (Monat und Jahr)<\/li>\n<li data-start=\"111\" data-end=\"151\">Name und vollst\u00e4ndige Anschrift des Herstellers<br \/>\n* Wenn eine Kennzeichnung direkt auf dem Handschuh aufgrund seiner Produkteigenschaften nicht m\u00f6glich ist, muss die Kennzeichnung auf der <strong data-start=\"136\" data-end=\"165\">ersten Verpackungseinheit<\/strong> angebracht werden.<\/p>\n<article class=\"text-token-text-primary w-full focus:outline-none &#091;--shadow-height:45px&#093; has-data-writing-block:pointer-events-none has-data-writing-block:-mt-(--shadow-height) has-data-writing-block:pt-(--shadow-height) &#091;&amp;:has(&#091;data-writing-block&#093;)&gt;*&#093;:pointer-events-auto &#091;content-visibility:auto&#093; supports-&#091;content-visibility:auto&#093;:&#091;contain-intrinsic-size:auto_100lvh&#093; scroll-mt-&#091;calc(var(--header-height)+min(200px,max(70px,20svh)))&#093;\" dir=\"auto\" tabindex=\"-1\" data-turn-id=\"request-690ae141-be04-8322-a523-bc2bca2ac874-15\" data-testid=\"conversation-turn-302\" data-scroll-anchor=\"true\" data-turn=\"assistant\">\n<div class=\"text-base my-auto mx-auto pb-10 &#091;--thread-content-margin:--spacing(4)&#093; thread-sm:&#091;--thread-content-margin:--spacing(6)&#093; thread-lg:&#091;--thread-content-margin:--spacing(16)&#093; px-(--thread-content-margin)\">\n<div class=\"&#091;--thread-content-max-width:40rem&#093; thread-lg:&#091;--thread-content-max-width:48rem&#093; mx-auto max-w-(--thread-content-max-width) flex-1 group\/turn-messages focus-visible:outline-hidden relative flex w-full min-w-0 flex-col agent-turn\" tabindex=\"-1\">\n<div class=\"z-0 flex min-h-&#091;46px&#093; justify-start\"><\/div>\n<\/div>\n<\/div>\n<\/article>\n<\/li>\n<\/ul>\n<p><strong>Gr\u00f6\u00dfentabelle<\/strong><\/p>\n\n<div class=\"table-2\">\n<table width=\"100%\">\n<thead>\n<tr>\n<th align=\"left\">Gr\u00f6\u00dfe<\/th>\n<th align=\"left\">6<\/th>\n<th align=\"left\">7<\/th>\n<th align=\"left\">8<\/th>\n<th align=\"left\">9<\/th>\n<th align=\"left\">10<\/th>\n<th align=\"left\">11<\/th>\n<th align=\"left\">12<\/th>\n<\/tr>\n<\/thead>\n<tbody>\n<tr>\n<td align=\"left\">Handumfang (mm)<\/td>\n<td align=\"left\">152<\/td>\n<td align=\"left\">178<\/td>\n<td align=\"left\">203<\/td>\n<td align=\"left\">229<\/td>\n<td align=\"left\">254<\/td>\n<td align=\"left\">279<\/td>\n<td align=\"left\">304<\/td>\n<\/tr>\n<tr>\n<td align=\"left\">Handl\u00e4nge (mm)<\/td>\n<td align=\"left\">160<\/td>\n<td align=\"left\">171<\/td>\n<td align=\"left\">182<\/td>\n<td align=\"left\">182<\/td>\n<td align=\"left\">204<\/td>\n<td align=\"left\">215<\/td>\n<td align=\"left\">226<\/td>\n<\/tr>\n<tr>\n<td align=\"left\">Mindestl\u00e4nge des Handschuhs (mm)<\/td>\n<td align=\"left\">220<\/td>\n<td align=\"left\">230<\/td>\n<td align=\"left\">240<\/td>\n<td align=\"left\">250<\/td>\n<td align=\"left\">260<\/td>\n<td align=\"left\">270<\/td>\n<td align=\"left\">280<\/td>\n<\/tr>\n<\/tbody>\n<\/table>\n<\/div>\n<\/div><div class=\"nav fusion-mobile-tab-nav\"><ul class=\"nav-tabs\" role=\"tablist\"><li role=\"presentation\"><a class=\"tab-link\" data-toggle=\"tab\" role=\"tab\" aria-controls=\"tab-189758780b2b0d79074\" aria-selected=\"false\" tabindex=\"-1\" id=\"mobile-fusion-tab-en388:2019\" href=\"#tab-189758780b2b0d79074\"><h4 class=\"fusion-tab-heading\">EN 388 : 2019<\/h4><\/a><\/li><\/ul><\/div><div class=\"tab-pane fade fusion-clearfix\" role=\"tabpanel\" tabindex=\"0\" aria-labelledby=\"fusion-tab-en388:2019\" id=\"tab-189758780b2b0d79074\">\n<p>EN 388:2019 (EN 388:2016+A1:2018, Schutzhandschuhe gegen mechanische Risiken) legt die Anforderungen, Pr\u00fcfverfahren, Kennzeichnung sowie bereitzustellende Informationen f\u00fcr Schutzhandschuhe fest, die gegen mechanische Risiken wie Abrieb, Schnitt, Weiterrei\u00dfen, Durchstich und \u2013 falls zutreffend \u2013 Aufprall sch\u00fctzen. Diese Norm wird in Verbindung mit EN 420 angewendet. Die in dieser Norm beschriebenen Pr\u00fcfmethoden k\u00f6nnen auch f\u00fcr Armsch\u00fctzer angewendet werden.<\/p>\n<p>EN 388:2019 enth\u00e4lt im Vergleich zur vorherigen Ausgabe EN 388:2016 einige technische \u00c4nderungen:<\/p>\n<ul>\n<li>In Abschnitt 2 wurden mehrere normative Verweisungen auf Textilnormen hinzugef\u00fcgt.<\/li>\n<li>Unterabschnitt 6.2.5 wurde ge\u00e4ndert; er legt nun fest, dass die verwendete Leinwand ein Gewebe sein muss, dessen Kette und Schuss aus offenend gesponnenen Garnen bestehen.<\/li>\n<li>Die Bezeichnung wurde von \u201e100 Zyklen\u201c zu \u201e100 Rubs\u201c (100 Reibvorg\u00e4nge) angepasst und der Begriff \u201eweight loss\u201c (Gewichtsverlust) wurde durch \u201emass lost\u201c (Massenverlust) ersetzt.<\/li>\n<\/ul>\n<p><img decoding=\"async\" class=\"lazyload alignnone size-full wp-image-16866\" src=\"https:\/\/www.gloveway.co.kr\/de\/wp-content\/uploads\/sites\/16\/2025\/11\/techinfo__en388_de_251106.jpg\" data-orig-src=\"https:\/\/www.gloveway.co.kr\/de\/wp-content\/uploads\/sites\/16\/2025\/11\/techinfo__en388_de_251106.jpg\" alt=\"\" width=\"1000\" height=\"320\" srcset=\"data:image\/svg+xml,%3Csvg%20xmlns%3D%27http%3A%2F%2Fwww.w3.org%2F2000%2Fsvg%27%20width%3D%271000%27%20height%3D%27320%27%20viewBox%3D%270%200%201000%20320%27%3E%3Crect%20width%3D%271000%27%20height%3D%27320%27%20fill-opacity%3D%220%22%2F%3E%3C%2Fsvg%3E\" data-srcset=\"https:\/\/www.gloveway.co.kr\/de\/wp-content\/uploads\/sites\/16\/2025\/11\/techinfo__en388_de_251106-200x64.jpg 200w, https:\/\/www.gloveway.co.kr\/de\/wp-content\/uploads\/sites\/16\/2025\/11\/techinfo__en388_de_251106-300x96.jpg 300w, https:\/\/www.gloveway.co.kr\/de\/wp-content\/uploads\/sites\/16\/2025\/11\/techinfo__en388_de_251106-400x128.jpg 400w, https:\/\/www.gloveway.co.kr\/de\/wp-content\/uploads\/sites\/16\/2025\/11\/techinfo__en388_de_251106-600x192.jpg 600w, https:\/\/www.gloveway.co.kr\/de\/wp-content\/uploads\/sites\/16\/2025\/11\/techinfo__en388_de_251106-768x246.jpg 768w, https:\/\/www.gloveway.co.kr\/de\/wp-content\/uploads\/sites\/16\/2025\/11\/techinfo__en388_de_251106-800x256.jpg 800w, https:\/\/www.gloveway.co.kr\/de\/wp-content\/uploads\/sites\/16\/2025\/11\/techinfo__en388_de_251106.jpg 1000w\" data-sizes=\"auto\" data-orig-sizes=\"(max-width: 1000px) 100vw, 1000px\" \/><\/p>\n<\/div><div class=\"nav fusion-mobile-tab-nav\"><ul class=\"nav-tabs\" role=\"tablist\"><li role=\"presentation\"><a class=\"tab-link\" data-toggle=\"tab\" role=\"tab\" aria-controls=\"tab-dfac20db67d9cc2d314\" aria-selected=\"false\" tabindex=\"-1\" id=\"mobile-fusion-tab-en511\" href=\"#tab-dfac20db67d9cc2d314\"><h4 class=\"fusion-tab-heading\">EN 511<\/h4><\/a><\/li><\/ul><\/div><div class=\"tab-pane fade fusion-clearfix\" role=\"tabpanel\" tabindex=\"0\" aria-labelledby=\"fusion-tab-en511\" id=\"tab-dfac20db67d9cc2d314\">\n<p>Handschuhe, die nach EN 511 zertifiziert sind, bieten Schutz in kalten Umgebungen. Dies umfasst sowohl konvektive K\u00e4lte als auch Kontaktk\u00e4lte sowie eine Best\u00e4ndigkeit gegen das Eindringen von Wasser. Sie eignen sich ideal f\u00fcr Arbeiten in K\u00fchl- und Tiefk\u00fchllagern, im Au\u00dfenbereich bei Winterbedingungen oder in gek\u00fchlten Arbeitsumgebungen.<\/p>\n<p><img decoding=\"async\" class=\"lazyload alignnone size-full wp-image-16868\" src=\"https:\/\/www.gloveway.co.kr\/de\/wp-content\/uploads\/sites\/16\/2025\/11\/techinfo__en511_de_251106.jpg\" data-orig-src=\"https:\/\/www.gloveway.co.kr\/de\/wp-content\/uploads\/sites\/16\/2025\/11\/techinfo__en511_de_251106.jpg\" alt=\"\" width=\"1000\" height=\"320\" srcset=\"data:image\/svg+xml,%3Csvg%20xmlns%3D%27http%3A%2F%2Fwww.w3.org%2F2000%2Fsvg%27%20width%3D%271000%27%20height%3D%27320%27%20viewBox%3D%270%200%201000%20320%27%3E%3Crect%20width%3D%271000%27%20height%3D%27320%27%20fill-opacity%3D%220%22%2F%3E%3C%2Fsvg%3E\" data-srcset=\"https:\/\/www.gloveway.co.kr\/de\/wp-content\/uploads\/sites\/16\/2025\/11\/techinfo__en511_de_251106-200x64.jpg 200w, https:\/\/www.gloveway.co.kr\/de\/wp-content\/uploads\/sites\/16\/2025\/11\/techinfo__en511_de_251106-300x96.jpg 300w, https:\/\/www.gloveway.co.kr\/de\/wp-content\/uploads\/sites\/16\/2025\/11\/techinfo__en511_de_251106-400x128.jpg 400w, https:\/\/www.gloveway.co.kr\/de\/wp-content\/uploads\/sites\/16\/2025\/11\/techinfo__en511_de_251106-600x192.jpg 600w, https:\/\/www.gloveway.co.kr\/de\/wp-content\/uploads\/sites\/16\/2025\/11\/techinfo__en511_de_251106-768x246.jpg 768w, https:\/\/www.gloveway.co.kr\/de\/wp-content\/uploads\/sites\/16\/2025\/11\/techinfo__en511_de_251106-800x256.jpg 800w, https:\/\/www.gloveway.co.kr\/de\/wp-content\/uploads\/sites\/16\/2025\/11\/techinfo__en511_de_251106.jpg 1000w\" data-sizes=\"auto\" data-orig-sizes=\"(max-width: 1000px) 100vw, 1000px\" \/><\/p>\n<\/div><div class=\"nav fusion-mobile-tab-nav\"><ul class=\"nav-tabs\" role=\"tablist\"><li role=\"presentation\"><a class=\"tab-link\" data-toggle=\"tab\" role=\"tab\" aria-controls=\"tab-0c6d31bf6209211236d\" aria-selected=\"false\" tabindex=\"-1\" id=\"mobile-fusion-tab-foodcontact\" href=\"#tab-0c6d31bf6209211236d\"><h4 class=\"fusion-tab-heading\">Food contact<\/h4><\/a><\/li><\/ul><\/div><div class=\"tab-pane fade fusion-clearfix\" role=\"tabpanel\" tabindex=\"0\" aria-labelledby=\"fusion-tab-foodcontact\" id=\"tab-0c6d31bf6209211236d\">\n<p data-start=\"1144\" data-end=\"1394\"><img decoding=\"async\" class=\"lazyload size-full wp-image-15720 alignleft\" src=\"data:image\/svg+xml,%3Csvg%20xmlns%3D%27http%3A%2F%2Fwww.w3.org%2F2000%2Fsvg%27%20width%3D%27150%27%20height%3D%27195%27%20viewBox%3D%270%200%20150%20195%27%3E%3Crect%20width%3D%27150%27%20height%3D%27195%27%20fill-opacity%3D%220%22%2F%3E%3C%2Fsvg%3E\" data-orig-src=\"http:\/\/www.gloveway.co.kr\/de\/wp-content\/uploads\/sites\/16\/2025\/07\/techinfo__food.jpg\" alt=\"\" width=\"150\" height=\"195\" \/>Die Rahmenverordnung (EG) 1935\/2004 schreibt vor, dass Materialien mit Lebensmittelkontakt keine Bestandteile in gesundheitssch\u00e4dlichen Mengen auf Lebensmittel \u00fcbertragen d\u00fcrfen, die Zusammensetzung der Lebensmittel nicht ver\u00e4ndern und Geschmack oder Geruch nicht beeintr\u00e4chtigen d\u00fcrfen. Eine GMP-Konformit\u00e4t gem\u00e4\u00df (EG) 2023\/2006 ist erforderlich.<\/p>\n<p data-start=\"1399\" data-end=\"1488\">Die Kunststoffverordnung (EU) Nr. 10\/2011 gilt f\u00fcr Kunststoffe, die f\u00fcr den Lebensmittelkontakt bestimmt sind, und legt fest:<\/p>\n<ul data-start=\"1491\" data-end=\"1709\">\n<li data-start=\"1491\" data-end=\"1526\"><\/li>\n<li data-start=\"1593\" data-end=\"1707\">\n<p data-start=\"1595\" data-end=\"1707\">OML \u2264 10 mg\/dm\u00b2 (60 mg\/kg)<\/p>\n<\/li>\n<li data-start=\"1593\" data-end=\"1707\">\n<p data-start=\"1595\" data-end=\"1707\">SML je Stoff gem\u00e4\u00df toxikologischer Bewertung durch die EFSA<\/p>\n<\/li>\n<li data-start=\"1593\" data-end=\"1707\">\n<p data-start=\"1595\" data-end=\"1707\">Standardisierte Pr\u00fcfungen mit Lebensmittelsimulanzien nach EN 1186 (Gesamtmigration) und EN 13130 (spezifische Migration)<\/p>\n<\/li>\n<\/ul>\n<p data-start=\"1712\" data-end=\"1856\">Die neuesten \u00c4nderungen (z. B. 2020\/1245 und EU 2025\/351) versch\u00e4rfen die Anforderungen an Reinheit, Recyclinganteile, Kennzeichnung und Produktionsstandards.<\/p>\n<\/div><div class=\"nav fusion-mobile-tab-nav\"><ul class=\"nav-tabs\" role=\"tablist\"><li role=\"presentation\"><a class=\"tab-link\" data-toggle=\"tab\" role=\"tab\" aria-controls=\"tab-f18b968c20410d6c35d\" aria-selected=\"false\" tabindex=\"-1\" id=\"mobile-fusion-tab-ansi\/isea105-2021\" href=\"#tab-f18b968c20410d6c35d\"><h4 class=\"fusion-tab-heading\">ANSI\/ISEA 105-2021<\/h4><\/a><\/li><\/ul><\/div><div class=\"tab-pane fade fusion-clearfix\" role=\"tabpanel\" tabindex=\"0\" aria-labelledby=\"fusion-tab-ansi\/isea105-2021\" id=\"tab-f18b968c20410d6c35d\">\n<p><img decoding=\"async\" class=\"lazyload size-full wp-image-15715 alignleft\" src=\"data:image\/svg+xml,%3Csvg%20xmlns%3D%27http%3A%2F%2Fwww.w3.org%2F2000%2Fsvg%27%20width%3D%27150%27%20height%3D%27195%27%20viewBox%3D%270%200%20150%20195%27%3E%3Crect%20width%3D%27150%27%20height%3D%27195%27%20fill-opacity%3D%220%22%2F%3E%3C%2Fsvg%3E\" data-orig-src=\"http:\/\/www.gloveway.co.kr\/de\/wp-content\/uploads\/sites\/16\/2025\/07\/techinfo__ansicut.jpg\" alt=\"\" width=\"150\" height=\"195\" \/>Das American National Standards Institute (ANSI) hat eine neue Ausgabe des ANSI\/ISEA 105 Standards \u2013 2021 ver\u00f6ffentlicht.<br \/>\nDie \u00c4nderungen umfassen neue Klassifizierungsstufen, einschlie\u00dflich einer neuen Skala zur Bestimmung der ANSI-Schnittschutzbewertung sowie einer \u00fcberarbeiteten Pr\u00fcfmethode f\u00fcr Handschuhe nach diesem Standard.<\/p>\n<p>Der neue ANSI-Standard umfasst neun Schnittschutzstufen, wodurch die Abst\u00e4nde zwischen den einzelnen Stufen verringert werden.<br \/>\nDies erm\u00f6glicht eine pr\u00e4zisere Einstufung der Schutzleistung, insbesondere f\u00fcr schnittfeste Handschuhe und \u00c4rmel mit den h\u00f6chsten Grammwerten.<\/p>\n<p><img decoding=\"async\" class=\"lazyload alignnone size-full wp-image-16869\" src=\"https:\/\/www.gloveway.co.kr\/de\/wp-content\/uploads\/sites\/16\/2025\/11\/techinfo__ansi_de_251106.jpg\" data-orig-src=\"https:\/\/www.gloveway.co.kr\/de\/wp-content\/uploads\/sites\/16\/2025\/11\/techinfo__ansi_de_251106.jpg\" alt=\"\" width=\"1000\" height=\"150\" srcset=\"data:image\/svg+xml,%3Csvg%20xmlns%3D%27http%3A%2F%2Fwww.w3.org%2F2000%2Fsvg%27%20width%3D%271000%27%20height%3D%27150%27%20viewBox%3D%270%200%201000%20150%27%3E%3Crect%20width%3D%271000%27%20height%3D%27150%27%20fill-opacity%3D%220%22%2F%3E%3C%2Fsvg%3E\" data-srcset=\"https:\/\/www.gloveway.co.kr\/de\/wp-content\/uploads\/sites\/16\/2025\/11\/techinfo__ansi_de_251106-200x30.jpg 200w, https:\/\/www.gloveway.co.kr\/de\/wp-content\/uploads\/sites\/16\/2025\/11\/techinfo__ansi_de_251106-300x45.jpg 300w, https:\/\/www.gloveway.co.kr\/de\/wp-content\/uploads\/sites\/16\/2025\/11\/techinfo__ansi_de_251106-400x60.jpg 400w, https:\/\/www.gloveway.co.kr\/de\/wp-content\/uploads\/sites\/16\/2025\/11\/techinfo__ansi_de_251106-600x90.jpg 600w, https:\/\/www.gloveway.co.kr\/de\/wp-content\/uploads\/sites\/16\/2025\/11\/techinfo__ansi_de_251106-768x115.jpg 768w, https:\/\/www.gloveway.co.kr\/de\/wp-content\/uploads\/sites\/16\/2025\/11\/techinfo__ansi_de_251106-800x120.jpg 800w, https:\/\/www.gloveway.co.kr\/de\/wp-content\/uploads\/sites\/16\/2025\/11\/techinfo__ansi_de_251106.jpg 1000w\" data-sizes=\"auto\" data-orig-sizes=\"(max-width: 1000px) 100vw, 1000px\" \/><\/p>\n<\/div><div class=\"nav fusion-mobile-tab-nav\"><ul class=\"nav-tabs\" role=\"tablist\"><li role=\"presentation\"><a class=\"tab-link\" data-toggle=\"tab\" role=\"tab\" aria-controls=\"tab-4a2375ebd8b37be305d\" aria-selected=\"false\" tabindex=\"-1\" id=\"mobile-fusion-tab-oeko-tex\u00ae\" href=\"#tab-4a2375ebd8b37be305d\"><h4 class=\"fusion-tab-heading\">OEKO-TEX\u00ae<\/h4><\/a><\/li><\/ul><\/div><div class=\"tab-pane fade fusion-clearfix\" role=\"tabpanel\" tabindex=\"0\" aria-labelledby=\"fusion-tab-oeko-tex\u00ae\" id=\"tab-4a2375ebd8b37be305d\">\n<p><img decoding=\"async\" class=\"lazyload size-full wp-image-15721 alignleft\" src=\"data:image\/svg+xml,%3Csvg%20xmlns%3D%27http%3A%2F%2Fwww.w3.org%2F2000%2Fsvg%27%20width%3D%27150%27%20height%3D%27195%27%20viewBox%3D%270%200%20150%20195%27%3E%3Crect%20width%3D%27150%27%20height%3D%27195%27%20fill-opacity%3D%220%22%2F%3E%3C%2Fsvg%3E\" data-orig-src=\"http:\/\/www.gloveway.co.kr\/de\/wp-content\/uploads\/sites\/16\/2025\/07\/techinfo__oekotex.jpg\" alt=\"\" width=\"150\" height=\"195\" \/><\/p>\n<p>OEKO-TEX ist eine weltweit f\u00fchrende Zertifizierung f\u00fcr Textilien und Leder und stellt sicher, dass Produkte frei von sch\u00e4dlichen Substanzen sind. Die wichtigste Zertifizierung, Standard 100, pr\u00fcft Produkte in allen Produktionsstufen \u2013 von Rohmaterialien \u00fcber Zwischenprodukte bis hin zu fertigen Erzeugnissen \u2013 auf sch\u00e4dliche Chemikalien wie Schwermetalle, Formaldehyd und Pestizide.<\/p>\n<p>Diese Zertifizierung f\u00f6rdert Verbraucherschutz und \u00f6kologische Nachhaltigkeit, indem sichergestellt wird, dass Textilien und Lederprodukte keine Gesundheitsrisiken darstellen. OEKO-TEX ist ein anerkanntes und vertrauensw\u00fcrdiges Zeichen in der Textilindustrie und wird h\u00e4ufig eingesetzt, um umweltbewussten und gesundheitsorientierten Verbraucher:innen Sicherheit zu bieten.<\/p>\n<\/div><\/div><\/div><\/div><\/div><\/div><\/div><div class=\"fusion-fullwidth fullwidth-box fusion-builder-row-2 fusion-flex-container nonhundred-percent-fullwidth non-hundred-percent-height-scrolling\" style=\"--awb-border-radius-top-left:0px;--awb-border-radius-top-right:0px;--awb-border-radius-bottom-right:0px;--awb-border-radius-bottom-left:0px;--awb-flex-wrap:wrap;\" ><div class=\"fusion-builder-row fusion-row fusion-flex-align-items-flex-start fusion-flex-content-wrap\" style=\"max-width:1497.6px;margin-left: calc(-4% \/ 2 );margin-right: calc(-4% \/ 2 );\"><\/div><\/div><\/p>\n","protected":false},"excerpt":{"rendered":"","protected":false},"author":1,"featured_media":15734,"parent":12250,"menu_order":24,"comment_status":"closed","ping_status":"closed","template":"","meta":{"footnotes":""},"class_list":["post-15163","page","type-page","status-publish","has-post-thumbnail","hentry"],"_links":{"self":[{"href":"https:\/\/www.gloveway.co.kr\/de\/wp-json\/wp\/v2\/pages\/15163","targetHints":{"allow":["GET"]}}],"collection":[{"href":"https:\/\/www.gloveway.co.kr\/de\/wp-json\/wp\/v2\/pages"}],"about":[{"href":"https:\/\/www.gloveway.co.kr\/de\/wp-json\/wp\/v2\/types\/page"}],"author":[{"embeddable":true,"href":"https:\/\/www.gloveway.co.kr\/de\/wp-json\/wp\/v2\/users\/1"}],"replies":[{"embeddable":true,"href":"https:\/\/www.gloveway.co.kr\/de\/wp-json\/wp\/v2\/comments?post=15163"}],"version-history":[{"count":14,"href":"https:\/\/www.gloveway.co.kr\/de\/wp-json\/wp\/v2\/pages\/15163\/revisions"}],"predecessor-version":[{"id":16871,"href":"https:\/\/www.gloveway.co.kr\/de\/wp-json\/wp\/v2\/pages\/15163\/revisions\/16871"}],"up":[{"embeddable":true,"href":"https:\/\/www.gloveway.co.kr\/de\/wp-json\/wp\/v2\/pages\/12250"}],"wp:featuredmedia":[{"embeddable":true,"href":"https:\/\/www.gloveway.co.kr\/de\/wp-json\/wp\/v2\/media\/15734"}],"wp:attachment":[{"href":"https:\/\/www.gloveway.co.kr\/de\/wp-json\/wp\/v2\/media?parent=15163"}],"curies":[{"name":"wp","href":"https:\/\/api.w.org\/{rel}","templated":true}]}}